{"id":911,"date":"2021-04-26T22:42:39","date_gmt":"2021-04-26T22:42:39","guid":{"rendered":"https:\/\/luggagedriver.com\/?post_type=product&#038;p=911"},"modified":"2026-01-08T17:33:32","modified_gmt":"2026-01-08T17:33:32","slug":"rota-da-estrada-da-nacional-2-en2-transfer-passageiros","status":"publish","type":"product","link":"https:\/\/luggagedriver.com\/en\/product\/rota-da-estrada-da-nacional-2-en2-transfer-passageiros\/","title":{"rendered":"Passengers: Nacional Road 2 Route"},"content":{"rendered":"","protected":false},"excerpt":{"rendered":"<p>Transfer solutions to start or return to\/from the National Road 2 Route!<\/p>","protected":false},"featured_media":6058,"comment_status":"open","ping_status":"closed","template":"","meta":[],"product_brand":[],"product_cat":[99,94],"product_tag":[118,120],"class_list":{"0":"post-911","1":"product","2":"type-product","3":"status-publish","4":"has-post-thumbnail","6":"product_cat-rota-da-en2-chaves-porto-lisboa-ou-faro","7":"product_cat-transporte-de-passageiros","8":"product_tag-passageiros","9":"product_tag-rota-da-estrada-nacional-2","10":"wcpa_has_options","12":"first","13":"instock","14":"sold-individually","15":"shipping-taxable","16":"purchasable","17":"product-type-variable"},"aioseo_notices":[],"wcpa_form_fields":{"wcpaData":{"product":{"product_price":200,"price_html":"<span class=\"woocommerce-Price-amount amount\" aria-hidden=\"true\"><bdi><span class=\"woocommerce-Price-currencySymbol\">&euro;<\/span>200,00<\/bdi><\/span> <span aria-hidden=\"true\">&ndash;<\/span> <span class=\"woocommerce-Price-amount amount\" aria-hidden=\"true\"><bdi><span class=\"woocommerce-Price-currencySymbol\">&euro;<\/span>1,100,00<\/bdi><\/span><span class=\"screen-reader-text\">Price range: &euro;200,00 through &euro;1,100,00<\/span>","original_product_price":200,"price_including_tax":200,"price_excluding_tax":200,"product_id":{"parent":911,"variation":false},"is_variable":true,"stock_status":"instock","stock_quantity":null,"parent_sku":"#REN2P","product_attributes":{"trajeto-do-transfer":{"is_variation":true,"values":[]},"numero-de-passageiros":{"is_variation":true,"values":[]},"bicicletas":{"is_variation":true,"values":[]}},"custom_fields":[],"is_taxable":false},"fields":{"sec_7658ca44066873":{"extra":{"key":"sec_7658ca44066873","section_id":"sec_7658ca44066873","name":"Default","status":1,"cl_rule":"show","enableCl":false,"relations":[],"toggle":true,"title_tag":"h3","show_title":false,"showPrice":"default","form_id":7919,"form_rules":{"exclude_from_discount":false,"fee_label":"Fee","disp_hide_options_price":false,"disp_show_section_price":false,"disp_show_field_price":true,"layout_option":"standard","pric_use_as_fee":false,"process_fee_as":"woo_fee"},"layout_option":"standard"},"fields":[[{"active":true,"col":5,"relations":false,"cl_rule":"show","enableCl":false,"price":"","enablePrice":false,"className":"","label_position":"default","desc_position":"default","type":"select","required":false,"elementId":"select_2229528373","label":"Sabe de que tipologia s\u00e3o as bicicletas?","name":"select_2229528373","values":[{"label":"N\u00e3o selecionei o transfere com bicicletas","value":"N\u00e3o selecionei o transfere com bicicletas","selected":false,"tempId":"aco_40","gt_translate_keys":["label"]},{"label":"Sim","value":"Sim","selected":false,"tempId":"aco_157","gt_translate_keys":["label"]},{"label":"N\u00e3o","value":"N\u00e3o","selected":false,"tempId":"aco_158","gt_translate_keys":["label"]}],"dropdown_type":"basic","error":false,"gt_translate_keys":["label"],"price_dependency":false,"cl_dependency":["image_1676011286"],"value":""}],[{"active":true,"col":6,"relations":[{"operator":false,"rules":[{"operator":"AND","rules":{"cl_field":"select_2229528373","cl_relation":"is","cl_val":"Sim"}}]}],"cl_rule":"show","enableCl":true,"price":"","enablePrice":false,"className":"","label_position":"default","desc_position":"default","type":"image-group","required":true,"elementId":"image_1676011286","label":"Por favor selecione o tipo de bicicleta(s) e respetivas quantidades:","name":"image_1676011286","enable_popup":"no","multiple":true,"layOut":"inline","img_selection_type":"tick-shadow","disp_type":"square","values":[{"label":"Bicicleta de estrada","value":"Bicicleta de estrada","selected":false,"image":"https:\/\/luggagedriver.com\/wp-content\/uploads\/2023\/12\/Bicicleta-de-estrada.jpg","thumb":"https:\/\/luggagedriver.com\/wp-content\/uploads\/2023\/12\/Bicicleta-de-estrada-150x150.jpg","tempId":"aco_191","image_id":7924,"thumb_src":"https:\/\/luggagedriver.com\/wp-content\/uploads\/2023\/12\/Bicicleta-de-estrada-100x100.jpg","gt_translate_keys":["label"]},{"label":"Bicicleta de cidade","value":"Bicicleta de cidade","selected":false,"image":"https:\/\/luggagedriver.com\/wp-content\/uploads\/2023\/12\/Bicicleta-de-Ciadade1.jpg","thumb":"https:\/\/luggagedriver.com\/wp-content\/uploads\/2023\/12\/Bicicleta-de-Ciadade1-150x150.jpg","tempId":"aco_192","image_id":7928,"thumb_src":"https:\/\/luggagedriver.com\/wp-content\/uploads\/2023\/12\/Bicicleta-de-Ciadade1-100x100.jpg","gt_translate_keys":["label"]},{"label":"Bicicleta BTT","value":"Bicicleta BTT","selected":false,"image":"https:\/\/luggagedriver.com\/wp-content\/uploads\/2023\/12\/Bicicleta-BTT.jpg","thumb":"https:\/\/luggagedriver.com\/wp-content\/uploads\/2023\/12\/Bicicleta-BTT-150x150.jpg","tempId":"aco_697","image_id":7922,"thumb_src":"https:\/\/luggagedriver.com\/wp-content\/uploads\/2023\/12\/Bicicleta-BTT-100x100.jpg","gt_translate_keys":["label"]},{"label":"Bicicleta el\u00e9trica","value":"Bicicleta el\u00e9trica","selected":false,"image":"https:\/\/luggagedriver.com\/wp-content\/uploads\/2023\/12\/Bicicleta-electrica.jpg","thumb":"https:\/\/luggagedriver.com\/wp-content\/uploads\/2023\/12\/Bicicleta-electrica-150x150.jpg","tempId":"aco_866","image_id":7925,"thumb_src":"https:\/\/luggagedriver.com\/wp-content\/uploads\/2023\/12\/Bicicleta-electrica-100x100.jpg","gt_translate_keys":["label"]},{"label":"Bicicleta FAT","value":"Bicicleta FAT","selected":false,"image":"https:\/\/luggagedriver.com\/wp-content\/uploads\/2023\/12\/FATbike1.jpg","thumb":"https:\/\/luggagedriver.com\/wp-content\/uploads\/2023\/12\/FATbike1-150x150.jpg","tempId":"aco_190","image_id":7926,"thumb_src":"https:\/\/luggagedriver.com\/wp-content\/uploads\/2023\/12\/FATbike1-100x100.jpg","gt_translate_keys":["label"]}],"disp_size_img":{"width":75,"height":75},"error":false,"img_preview":true,"img_preview_disable_mobile":true,"enableDesign":false,"enable_quantity":true,"quantity_label":"Quantas?","options_tooltip":false,"options_description":false,"show_selected_option":false,"min_quantity":"1","max_quantity":"8","gt_translate_keys":["label","quantity_label"],"price_dependency":false,"cl_dependency":false,"value":""}]]},"sec_26585a7045c954":{"extra":{"key":"sec_26585a7045c954","section_id":"sec_26585a7045c954","name":"Default","status":1,"cl_rule":"show","enableCl":false,"relations":[],"toggle":true,"title_tag":"h3","show_title":false,"showPrice":"default","form_id":7575,"form_rules":{"exclude_from_discount":false,"fee_label":"Fee","disp_hide_options_price":false,"disp_show_section_price":false,"disp_show_field_price":true,"layout_option":"standard","pric_use_as_fee":false,"process_fee_as":"woo_fee"},"layout_option":"standard"},"fields":[[{"active":true,"col":5,"relations":false,"cl_rule":"show","enableCl":false,"price":"","enablePrice":false,"className":"","label_position":"default","desc_position":"default","type":"datetime-local","required":true,"elementId":"datetime_2578870291","name":"datetime_2578870291","label":"Data e hor\u00e1rio do servi\u00e7o","picker_type":"custom","picker_mode":"single","timeLayout":"type_2","error":false,"timeStep":"15","date_pic_inline":true,"date_pic_inline_hide":false,"description":"Selecione a data e o hor\u00e1rio (hora local) que pretende o transfere (ir\u00e1 ser informado caso j\u00e1 n\u00e3o seja poss\u00edvel na data e ou hor\u00e1rio selecionado)","min_date":{"type":"days","val":"15"},"minTime":"08:30","maxTime":"18:00","date_pic_conf":{"dateFormat":"","disabledDates":["2025-12-15 to 2026-01-11"]},"gt_translate_keys":["label","description"],"price_dependency":false,"cl_dependency":false,"value":""}]]},"sec_465948378bc839":{"extra":{"key":"sec_465948378bc839","section_id":"sec_465948378bc839","name":"Default","status":1,"cl_rule":"show","enableCl":false,"relations":[],"toggle":true,"title_tag":"h3","show_title":false,"showPrice":"default","form_id":1561,"form_rules":{"exclude_from_discount":false,"fee_label":"Fee","disp_hide_options_price":false,"disp_show_section_price":false,"disp_show_field_price":true,"layout_option":"standard","pric_use_as_fee":false,"process_fee_as":"woo_fee"},"layout_option":"standard"},"fields":[[{"type":"select","required":true,"elementId":"wcpa-select-1620913857927","label":"O dia acima selecionado \u00e9 efetivo?","className":"form-control","name":"select-1620913857927","values":[{"label":"Sim","value":"Sim","gt_translate_keys":["label"]},{"label":"N\u00e3o - \u00c9 apenas de refer\u00eancia, ainda n\u00e3o sei o dia exato","value":"N\u00e3o - \u00c9 apenas de refer\u00eancia, ainda n\u00e3o sei o dia exato","gt_translate_keys":["label"]}],"active":true,"col":4,"tooltip":"","dropdown_type":"basic","error":false,"gt_translate_keys":["label","tooltip"],"price_dependency":false,"cl_dependency":false,"value":""}]]},"sec_86580295bd46a6":{"extra":{"key":"sec_86580295bd46a6","section_id":"sec_86580295bd46a6","name":"Default","status":1,"toggle":true,"form_id":1183,"form_rules":{"exclude_from_discount":false,"fee_label":"Fee","disp_hide_options_price":false,"disp_show_section_price":false,"disp_show_field_price":true,"layout_option":"standard","pric_use_as_fee":false,"process_fee_as":"woo_fee"},"layout_option":"standard"},"fields":[[{"active":true,"col":6,"relations":false,"cl_rule":"show","enableCl":false,"price":"","enablePrice":false,"className":"","label_position":"default","desc_position":"default","type":"placeselector","required":true,"elementId":"placeselector_4724282136","name":"placeselector_4724282136","label":"Nome\/morada do local de recolha\/origem","error":false,"showmap":true,"showaddfields":true,"placeholder":"","gt_translate_keys":["label","placeholder"],"price_dependency":false,"cl_dependency":false,"value":""}],[{"label":"Nome\/morada do local de entrega\/destino","active":true,"required":true,"elementId":"placeselector-4954572249","placeholder":"","name":"placeselector-4954572249","label_position":"default","desc_position":"default","enablePrice":false,"className":"","enableCl":false,"relations":false,"showmap":true,"showaddfields":true,"price":"","cl_rule":"show","col":6,"type":"placeselector","error":false,"gt_translate_keys":["label","placeholder"],"price_dependency":false,"cl_dependency":false,"value":""}]]}},"config":{"price_override":"","enable_recaptcha":true,"bind_quantity":false,"quantity_bind_formula":"","disp_summ_show_option_price":false,"disp_summ_show_product_price":false,"disp_summ_show_total_price":true,"disp_summ_show_fee":false,"disp_summ_show_discount":false,"summary_title":"","options_total_label":"Pre\u00e7o de servi\u00e7os adicionais","total_label":"Total","options_product_label":"Pre\u00e7o do servi\u00e7o","fee_label":"Fee","discount_label":"Discount","has_price":true,"has_quantity_formula":false},"mc_unit":1,"tax_rate":1,"tax_rate_real":1,"discount":{"percentage":0,"fixed":0},"design":{"conf":{"LabelPosition":"above","DescPosition":"above","UploadField":"custom_1","QuantityFieldStyle":"custom_1"},"css":{"LeftLabelWidth":"120px"}},"formulas":[],"clones":false,"cartKey":false}},"_links":{"self":[{"href":"https:\/\/luggagedriver.com\/en\/wp-json\/wp\/v2\/product\/911","targetHints":{"allow":["GET"]}}],"collection":[{"href":"https:\/\/luggagedriver.com\/en\/wp-json\/wp\/v2\/product"}],"about":[{"href":"https:\/\/luggagedriver.com\/en\/wp-json\/wp\/v2\/types\/product"}],"replies":[{"embeddable":true,"href":"https:\/\/luggagedriver.com\/en\/wp-json\/wp\/v2\/comments?post=911"}],"wp:featuredmedia":[{"embeddable":true,"href":"https:\/\/luggagedriver.com\/en\/wp-json\/wp\/v2\/media\/6058"}],"wp:attachment":[{"href":"https:\/\/luggagedriver.com\/en\/wp-json\/wp\/v2\/media?parent=911"}],"wp:term":[{"taxonomy":"product_brand","embeddable":true,"href":"https:\/\/luggagedriver.com\/en\/wp-json\/wp\/v2\/product_brand?post=911"},{"taxonomy":"product_cat","embeddable":true,"href":"https:\/\/luggagedriver.com\/en\/wp-json\/wp\/v2\/product_cat?post=911"},{"taxonomy":"product_tag","embeddable":true,"href":"https:\/\/luggagedriver.com\/en\/wp-json\/wp\/v2\/product_tag?post=911"}],"curies":[{"name":"wp","href":"https:\/\/api.w.org\/{rel}","templated":true}]}}