{"id":17,"date":"2021-04-23T11:11:10","date_gmt":"2021-04-23T11:11:10","guid":{"rendered":"https:\/\/luggagedriver.com\/?page_id=17"},"modified":"2025-01-03T17:06:44","modified_gmt":"2025-01-03T17:06:44","slug":"quem-somos","status":"publish","type":"page","link":"https:\/\/luggagedriver.com\/es\/quem-somos\/","title":{"rendered":"Qui\u00e9nes Somos"},"content":{"rendered":"<div data-elementor-type=\"wp-page\" data-elementor-id=\"17\" class=\"elementor elementor-17\" data-elementor-post-type=\"page\">\n\t\t\t\t<div class=\"elementor-element elementor-element-167395e e-flex e-con-boxed e-con e-parent\" data-id=\"167395e\" data-element_type=\"container\" data-e-type=\"container\">\n\t\t\t\t\t<div class=\"e-con-inner\">\n\t\t<div class=\"elementor-element elementor-element-034dcd7 e-con-full e-flex e-con e-child\" data-id=\"034dcd7\" data-element_type=\"container\" data-e-type=\"container\">\n\t\t\t\t<div class=\"elementor-element elementor-element-d33d458 elementor-widget elementor-widget-image\" data-id=\"d33d458\" data-element_type=\"widget\" data-e-type=\"widget\" data-widget_type=\"image.default\">\n\t\t\t\t<div class=\"elementor-widget-container\">\n\t\t\t\t\t\t\t\t\t\t\t\t\t\t\t<img fetchpriority=\"high\" decoding=\"async\" width=\"590\" height=\"273\" src=\"https:\/\/luggagedriver.com\/wp-content\/uploads\/2021\/04\/etae.png\" class=\"attachment-full size-full wp-image-459\" alt=\"\" srcset=\"https:\/\/luggagedriver.com\/wp-content\/uploads\/2021\/04\/etae.png 590w, https:\/\/luggagedriver.com\/wp-content\/uploads\/2021\/04\/etae-300x139.png 300w\" sizes=\"(max-width: 590px) 100vw, 590px\" \/>\t\t\t\t\t\t\t\t\t\t\t\t\t\t\t<\/div>\n\t\t\t\t<\/div>\n\t\t\t\t<div class=\"elementor-element elementor-element-c4b58e2 elementor-widget elementor-widget-heading\" data-id=\"c4b58e2\" data-element_type=\"widget\" data-e-type=\"widget\" data-widget_type=\"heading.default\">\n\t\t\t\t<div class=\"elementor-widget-container\">\n\t\t\t\t\t<h2 class=\"elementor-heading-title elementor-size-default\">A trav\u00e9s de la marca Luggage Driver, ofrecemos a los clientes servicios de transporte de equipajes, bicicletas, material y pasajeros. \n<\/h2>\t\t\t\t<\/div>\n\t\t\t\t<\/div>\n\t\t<div class=\"elementor-element elementor-element-69c85cf e-flex e-con-boxed e-con e-child\" data-id=\"69c85cf\" data-element_type=\"container\" data-e-type=\"container\" data-settings=\"{&quot;background_background&quot;:&quot;gradient&quot;}\">\n\t\t\t\t\t<div class=\"e-con-inner\">\n\t\t<div class=\"elementor-element elementor-element-51bca1f e-con-full e-flex e-con e-child\" data-id=\"51bca1f\" data-element_type=\"container\" data-e-type=\"container\">\n\t\t\t\t<div class=\"elementor-element elementor-element-43c7c6f elementor-widget elementor-widget-heading\" data-id=\"43c7c6f\" data-element_type=\"widget\" data-e-type=\"widget\" data-widget_type=\"heading.default\">\n\t\t\t\t<div class=\"elementor-widget-container\">\n\t\t\t\t\t<h2 class=\"elementor-heading-title elementor-size-default\">La marca Luggage Driver est\u00e1 en el mercado desde 2017, y sus servicios estaban inicialmente vinculados al transporte de equipaje entre el alojamiento y el Aeropuerto de Oporto.\nEn respuesta a las necesidades de nuestros clientes, hemos ampliado nuestra oferta al transporte de equipaje paso a paso por las rutas m\u00e1s emblem\u00e1ticas de Portugal, como el Camino de Santiago Portugu\u00e9s. Complementamos esta oferta con el transporte de nuestros clientes y su equipamiento, como bicicletas.<\/h2>\t\t\t\t<\/div>\n\t\t\t\t<\/div>\n\t\t\t\t<\/div>\n\t\t<div class=\"elementor-element elementor-element-32a15c4 e-con-full e-flex e-con e-child\" data-id=\"32a15c4\" data-element_type=\"container\" data-e-type=\"container\">\n\t\t\t\t<div class=\"elementor-element elementor-element-18057fa elementor-widget elementor-widget-heading\" data-id=\"18057fa\" data-element_type=\"widget\" data-e-type=\"widget\" data-widget_type=\"heading.default\">\n\t\t\t\t<div class=\"elementor-widget-container\">\n\t\t\t\t\t<h2 class=\"elementor-heading-title elementor-size-default\">LOD - Log\u00edstica On Demand, propietaria de la marca Luggage Driver, ya cuenta con una amplia experiencia en la realizaci\u00f3n de toda la log\u00edstica para viajes de ciclismo y senderismo, prestando sus servicios a varias agencias l\u00edderes en Portugal y Europa. Por lo tanto, tenemos la experiencia, los conocimientos y el equipo necesario para garantizar la mejor experiencia para nuestros clientes.<\/h2>\t\t\t\t<\/div>\n\t\t\t\t<\/div>\n\t\t\t\t<\/div>\n\t\t\t\t\t<\/div>\n\t\t\t\t<\/div>\n\t\t\t\t<\/div>\n\t\t\t\t\t<\/div>\n\t\t\t\t<\/div>\n\t\t\t\t<\/div>","protected":false},"excerpt":{"rendered":"<p>Atrav\u00e9s da marca Luggage Driver disponibilizamos ao cliente servi\u00e7os de transporte de bagagens, bicicletas, equipamentos e passageiros. A marca Luggage Driver est\u00e1 presente no mercado desde 2017, tendo a sua oferta de servi\u00e7os estado inicialmente ligada ao transporte de bagagens entre os alojamentos e o Aeroporto do Porto. Respondendo \u00e0s necessidades dos nossos clientes, alargamos [&hellip;]<\/p>","protected":false},"author":1,"featured_media":0,"parent":0,"menu_order":0,"comment_status":"closed","ping_status":"closed","template":"elementor_header_footer","meta":{"footnotes":""},"class_list":["post-17","page","type-page","status-publish","hentry"],"aioseo_notices":[],"_links":{"self":[{"href":"https:\/\/luggagedriver.com\/es\/wp-json\/wp\/v2\/pages\/17","targetHints":{"allow":["GET"]}}],"collection":[{"href":"https:\/\/luggagedriver.com\/es\/wp-json\/wp\/v2\/pages"}],"about":[{"href":"https:\/\/luggagedriver.com\/es\/wp-json\/wp\/v2\/types\/page"}],"author":[{"embeddable":true,"href":"https:\/\/luggagedriver.com\/es\/wp-json\/wp\/v2\/users\/1"}],"replies":[{"embeddable":true,"href":"https:\/\/luggagedriver.com\/es\/wp-json\/wp\/v2\/comments?post=17"}],"version-history":[{"count":0,"href":"https:\/\/luggagedriver.com\/es\/wp-json\/wp\/v2\/pages\/17\/revisions"}],"wp:attachment":[{"href":"https:\/\/luggagedriver.com\/es\/wp-json\/wp\/v2\/media?parent=17"}],"curies":[{"name":"wp","href":"https:\/\/api.w.org\/{rel}","templated":true}]}}