{"id":819,"date":"2021-04-26T21:26:06","date_gmt":"2021-04-26T21:26:06","guid":{"rendered":"https:\/\/luggagedriver.com\/?post_type=product&#038;p=819"},"modified":"2026-01-23T16:31:19","modified_gmt":"2026-01-23T16:31:19","slug":"bagagens-transporte-direto","status":"publish","type":"product","link":"https:\/\/luggagedriver.com\/fr\/product\/bagagens-transporte-direto\/","title":{"rendered":"Bagages: transport direct"},"content":{"rendered":"","protected":false},"excerpt":{"rendered":"<p>Transport direct au Portugal Continental et en Galice avec livraison en 72 heures, ou avec stockage inclus !<\/p>","protected":false},"featured_media":4784,"comment_status":"open","ping_status":"closed","template":"","meta":[],"product_brand":[],"product_cat":[100],"product_tag":[114],"class_list":{"0":"post-819","1":"product","2":"type-product","3":"status-publish","4":"has-post-thumbnail","6":"product_cat-transporte-direto-de-bagagens","7":"product_tag-bagagens-direto","8":"wcpa_has_options","10":"first","11":"instock","12":"sold-individually","13":"shipping-taxable","14":"purchasable","15":"product-type-variable"},"aioseo_notices":[],"wcpa_form_fields":{"wcpaData":{"product":{"product_price":0,"price_html":"<span class=\"woocommerce-Price-amount amount\" aria-hidden=\"true\"><bdi><span class=\"woocommerce-Price-currencySymbol\">&euro;<\/span>0,00<\/bdi><\/span> <span aria-hidden=\"true\">\u00a0\u2013\u00a0<\/span> <span class=\"woocommerce-Price-amount amount\" aria-hidden=\"true\"><bdi><span class=\"woocommerce-Price-currencySymbol\">&euro;<\/span>40,00<\/bdi><\/span><span class=\"screen-reader-text\">Plage de prix\u00a0: &euro;0,00 \u00e0 &euro;40,00<\/span>","original_product_price":0,"price_including_tax":0,"price_excluding_tax":0,"product_id":{"parent":819,"variation":false},"is_variable":true,"stock_status":"instock","stock_quantity":null,"parent_sku":"#TDPEBAG","product_attributes":{"cidade-de-recolha":{"is_variation":true,"values":[]},"cidade-de-entrega":{"is_variation":true,"values":[]}},"custom_fields":[],"is_taxable":false},"fields":{"sec_96776f46e15d80":{"extra":{"key":"sec_96776f46e15d80","section_id":"sec_96776f46e15d80","name":"Default","status":1,"cl_rule":"show","enableCl":false,"relations":[],"toggle":true,"title_tag":"h3","show_title":false,"showPrice":"default","form_id":9029,"form_rules":{"exclude_from_discount":false,"fee_label":"Fee","disp_hide_options_price":false,"disp_show_section_price":false,"disp_show_field_price":true,"layout_option":"standard","pric_use_as_fee":false,"process_fee_as":"woo_fee"},"layout_option":"standard"},"fields":[[{"active":true,"col":6,"relations":false,"cl_rule":"show","enableCl":false,"price":"","enablePrice":true,"className":"","label_position":"default","desc_position":"default","type":"image-group","required":true,"elementId":"image_4920660271","label":"Selecione com um visto o peso da sua bagagem e a quantidade de malas\/volumes correspondentes:","name":"image_4920660271","enable_popup":"no","multiple":true,"layOut":"col-3","img_selection_type":"tick-shadow","disp_type":"squircle","values":[{"label":"Bagagens at\u00e9 10Kg","value":"40","selected":false,"image":"https:\/\/luggagedriver.com\/wp-content\/uploads\/2025\/01\/Mochila10-1.png","thumb":"https:\/\/luggagedriver.com\/wp-content\/uploads\/2025\/01\/Mochila10-1-150x150.png","tempId":"aco_158","image_id":9022,"price":"40","thumb_src":"https:\/\/luggagedriver.com\/wp-content\/uploads\/2025\/01\/Mochila10-1-100x100.png","gt_translate_keys":["label"]},{"label":"Bagagens at\u00e9  23Kg","value":"45","selected":false,"image":"https:\/\/luggagedriver.com\/wp-content\/uploads\/2025\/01\/mala23Kg.png","thumb":"https:\/\/luggagedriver.com\/wp-content\/uploads\/2025\/01\/mala23Kg-150x150.png","tempId":"aco_159","image_id":9027,"price":"45","thumb_src":"https:\/\/luggagedriver.com\/wp-content\/uploads\/2025\/01\/mala23Kg-100x100.png","gt_translate_keys":["label"]},{"label":"Bagagens at\u00e9 32Kg","value":"50","selected":false,"image":"https:\/\/luggagedriver.com\/wp-content\/uploads\/2025\/01\/bagagem32Kg.png","thumb":"https:\/\/luggagedriver.com\/wp-content\/uploads\/2025\/01\/bagagem32Kg-150x150.png","tempId":"aco_160","image_id":9030,"price":"50","thumb_src":"https:\/\/luggagedriver.com\/wp-content\/uploads\/2025\/01\/bagagem32Kg-100x100.png","gt_translate_keys":["label"]},{"label":"Malas de Bicicletas","value":"55","selected":false,"image":"https:\/\/luggagedriver.com\/wp-content\/uploads\/2025\/01\/bikebox.png","thumb":"https:\/\/luggagedriver.com\/wp-content\/uploads\/2025\/01\/bikebox-150x150.png","tempId":"aco_26","image_id":9028,"price":"60","thumb_src":"https:\/\/luggagedriver.com\/wp-content\/uploads\/2025\/01\/bikebox-100x100.png","gt_translate_keys":["label"]},{"label":"Embalamento de mala (por cada mala)","value":"60","selected":false,"image":"https:\/\/luggagedriver.com\/wp-content\/uploads\/2025\/01\/EmbMala.png","thumb":"https:\/\/luggagedriver.com\/wp-content\/uploads\/2025\/01\/EmbMala-150x150.png","tempId":"aco_135","image_id":9023,"price":"5","thumb_src":"https:\/\/luggagedriver.com\/wp-content\/uploads\/2025\/01\/EmbMala-100x100.png","gt_translate_keys":["label"]}],"disp_size_img":{"width":75,"height":75},"error":false,"tooltip":"Selecione a(s) imagen(s) dos pesos\/servi\u00e7os correspondentes ao seu pedido.<br \/>\nNOTA: N\u00e3o transportamos caixas de papel\u00e3o de bicicletas.","priceOptions":"different_for_all","pricingType":"fixed","enable_quantity":true,"quantity_label":"Quantas?","options_description":true,"enableClearSelection":true,"min_quantity":"1","max_quantity":"8","min_options":"1","scrollBar":false,"enableDesign":true,"LabelColor":"#1b0a87","LabelSize":"","DescColor":"#1b0a87","gt_translate_keys":["label","tooltip","quantity_label"],"price_dependency":false,"cl_dependency":false,"value":""}]]},"sec_565802390809ba":{"extra":{"key":"sec_565802390809ba","section_id":"sec_565802390809ba","name":"Default","status":1,"toggle":true,"form_id":6719,"form_rules":{"exclude_from_discount":false,"fee_label":"Fee","disp_hide_options_price":false,"disp_show_section_price":false,"disp_show_field_price":true,"layout_option":"standard","pric_use_as_fee":false,"process_fee_as":"woo_fee"},"layout_option":"standard"},"fields":[[{"active":true,"col":4,"relations":[],"cl_rule":"show","enableCl":false,"price":"","enablePrice":false,"className":"","type":"date","required":true,"elementId":"date_8965379001","name":"date_8965379001","label":"Data para recolha pela Luggage Driver","picker_type":"custom","picker_mode":"single","error":false,"placeholder":"Selecione a data","description":"Indique a partir de que data a sua bagagem est\u00e1 dispon\u00edvel para a recolha (podemos recolher na data indicada ou no dia seguinte)","value":"","date_pic_inline":false,"date_pic_inline_hide":false,"min_date":{"type":"days","val":"2"},"max_date":"","date_pic_conf":{"disabledDates":["2025-12-01 to 2026-02-15","2026-11-12 to 2027-02-14"]},"repeater":false,"repeater_field_label":"{field_label}","repeater_bind":"","label_position":"default","enableDesign":true,"LabelColor":"#1b0a87","desc_position":"above","DescColor":"#8b8b8b","enableWeight":false,"mapToCheckout":false,"gt_translate_keys":["label","placeholder","description","value","repeater_field_label"],"price_dependency":false,"cl_dependency":false}],[{"label":"Data para entrega pela Luggage Driver (note que entregamos em 3 dias, ou armazenamos por mais tempo, n\u00e3o garantimos entrega no pr\u00f3prio dia ou no dia seguinte) ","active":true,"required":true,"elementId":"date-8976501101","value":"","picker_type":"custom","placeholder":"Selecione a data","description":"Indique a sua data de chegada ao destino (por favor indique-nos a mesma data que far\u00e1 check-in no hotel). Note que por norma entregamos a bagagem antes da data de chegada","name":"date-8976501101","className":"","enableCl":false,"relations":[{"operator":false,"rules":[{"operator":"and","rules":{"cl_field":"date-8976501101","cl_relation":"is_greater_or_equal","cl_val":"2023-12-23"}},{"operator":"AND","rules":{"cl_field":"date-8976501101","cl_relation":"is_lessthan_or_equal","cl_val":"2024-01-06"}}]}],"cl_rule":"show","col":4,"type":"date","error":false,"min_date":{"type":"days","val":"5"},"max_date":"","date_pic_inline":false,"date_pic_inline_hide":false,"enableDesign":true,"LabelColor":"#1b0a87","DescColor":"#8b8b8b","date_pic_conf":{"disabledDates":["2025-12-03 to 2026-02-18","2026-11-15 to 2027-02-17"]},"gt_translate_keys":["label","placeholder","description","value"],"price_dependency":false,"cl_dependency":false}]]},"sec_269e6f7bf85c0e":{"extra":{"key":"sec_269e6f7bf85c0e","section_id":"sec_269e6f7bf85c0e","name":"Default","status":1,"cl_rule":"show","enableCl":false,"relations":[],"toggle":true,"title_tag":"h3","show_title":false,"showPrice":"default","form_id":1573,"form_rules":{"exclude_from_discount":false,"fee_label":"Fee","disp_hide_options_price":false,"disp_show_section_price":false,"disp_show_field_price":true,"layout_option":"standard","pric_use_as_fee":false,"process_fee_as":"woo_fee"},"layout_option":"standard"},"fields":[[{"type":"header","subtype":"h3","label":"Nota importante!","elementId":"wcpa-header-60914f8194d3f","active":true,"col":6,"tooltip":"","gt_translate_keys":["label","tooltip"],"price_dependency":false,"cl_dependency":false,"value":""}]]},"sec_367770e2f4f934":{"extra":{"key":"sec_367770e2f4f934","section_id":"sec_367770e2f4f934","name":"Default","status":1,"cl_rule":"show","enableCl":false,"relations":[],"toggle":true,"title_tag":"h3","show_title":false,"showPrice":"default","form_id":1571,"form_rules":{"exclude_from_discount":false,"fee_label":"Fee","disp_hide_options_price":false,"disp_show_section_price":false,"disp_show_field_price":true,"layout_option":"standard","pric_use_as_fee":false,"process_fee_as":"woo_fee"},"layout_option":"standard"},"fields":[[{"label":"O transfere direto de bagagens \u00e9 efetuado em at\u00e9 72H ou com armazenamento por alguns dias inclu\u00eddo, at\u00e9 perto da data de chegada do cliente ao destino. N\u00e3o garantimos entregas em menos de 72H.","active":true,"elementId":"header-9058292810","subtype":"h1","col":6,"type":"header","error":false,"gt_translate_keys":["label"],"price_dependency":false,"cl_dependency":false,"value":""}]]},"sec_86580295bd46a6":{"extra":{"key":"sec_86580295bd46a6","section_id":"sec_86580295bd46a6","name":"Default","status":1,"toggle":true,"form_id":1183,"form_rules":{"exclude_from_discount":false,"fee_label":"Fee","disp_hide_options_price":false,"disp_show_section_price":false,"disp_show_field_price":true,"layout_option":"standard","pric_use_as_fee":false,"process_fee_as":"woo_fee"},"layout_option":"standard"},"fields":[[{"active":true,"col":6,"relations":false,"cl_rule":"show","enableCl":false,"price":"","enablePrice":false,"className":"","label_position":"default","desc_position":"default","type":"placeselector","required":true,"elementId":"placeselector_4724282136","name":"placeselector_4724282136","label":"Nome\/morada do local de recolha\/origem","error":false,"showmap":true,"showaddfields":true,"placeholder":"","gt_translate_keys":["label","placeholder"],"price_dependency":false,"cl_dependency":false,"value":""}],[{"label":"Nome\/morada do local de entrega\/destino","active":true,"required":true,"elementId":"placeselector-4954572249","placeholder":"","name":"placeselector-4954572249","label_position":"default","desc_position":"default","enablePrice":false,"className":"","enableCl":false,"relations":false,"showmap":true,"showaddfields":true,"price":"","cl_rule":"show","col":6,"type":"placeselector","error":false,"gt_translate_keys":["label","placeholder"],"price_dependency":false,"cl_dependency":false,"value":""}]]}},"config":{"price_override":"","enable_recaptcha":true,"bind_quantity":false,"quantity_bind_formula":"","disp_summ_show_option_price":false,"disp_summ_show_product_price":false,"disp_summ_show_total_price":true,"disp_summ_show_fee":false,"disp_summ_show_discount":false,"summary_title":"","options_total_label":"Pre\u00e7o de servi\u00e7os adicionais","total_label":"Total","options_product_label":"Pre\u00e7o do servi\u00e7o","fee_label":"Fee","discount_label":"Discount","has_price":true,"has_quantity_formula":false},"mc_unit":1,"tax_rate":1,"tax_rate_real":1,"discount":{"percentage":0,"fixed":0},"design":{"conf":{"LabelPosition":"above","DescPosition":"above","UploadField":"custom_1","QuantityFieldStyle":"custom_1"},"css":{"LeftLabelWidth":"120px"}},"formulas":[],"clones":false,"cartKey":false}},"_links":{"self":[{"href":"https:\/\/luggagedriver.com\/fr\/wp-json\/wp\/v2\/product\/819","targetHints":{"allow":["GET"]}}],"collection":[{"href":"https:\/\/luggagedriver.com\/fr\/wp-json\/wp\/v2\/product"}],"about":[{"href":"https:\/\/luggagedriver.com\/fr\/wp-json\/wp\/v2\/types\/product"}],"replies":[{"embeddable":true,"href":"https:\/\/luggagedriver.com\/fr\/wp-json\/wp\/v2\/comments?post=819"}],"wp:featuredmedia":[{"embeddable":true,"href":"https:\/\/luggagedriver.com\/fr\/wp-json\/wp\/v2\/media\/4784"}],"wp:attachment":[{"href":"https:\/\/luggagedriver.com\/fr\/wp-json\/wp\/v2\/media?parent=819"}],"wp:term":[{"taxonomy":"product_brand","embeddable":true,"href":"https:\/\/luggagedriver.com\/fr\/wp-json\/wp\/v2\/product_brand?post=819"},{"taxonomy":"product_cat","embeddable":true,"href":"https:\/\/luggagedriver.com\/fr\/wp-json\/wp\/v2\/product_cat?post=819"},{"taxonomy":"product_tag","embeddable":true,"href":"https:\/\/luggagedriver.com\/fr\/wp-json\/wp\/v2\/product_tag?post=819"}],"curies":[{"name":"wp","href":"https:\/\/api.w.org\/{rel}","templated":true}]}}