{"id":921,"date":"2021-04-26T22:51:17","date_gmt":"2021-04-26T22:51:17","guid":{"rendered":"https:\/\/luggagedriver.com\/?post_type=product&#038;p=921"},"modified":"2026-01-07T11:14:16","modified_gmt":"2026-01-07T11:14:16","slug":"caminhos-de-santiago-interior-bagagens","status":"publish","type":"product","link":"https:\/\/luggagedriver.com\/fr\/product\/caminhos-de-santiago-interior-bagagens\/","title":{"rendered":"Bagages: Chemin portugais de Saint-Jacques-de-Compostelle \u00e0 l'int\u00e9rieur"},"content":{"rendered":"<p>A p\u00e9, de bicicleta ou de mota, n\u00e3o carregue a suas bagagens!<\/p>","protected":false},"excerpt":{"rendered":"<p>Commencez votre voyage dans la ville de Viseu et rejoignez Saint-Jacques-de-Compostelle!<\/p>","protected":false},"featured_media":6057,"comment_status":"open","ping_status":"closed","template":"","meta":[],"product_brand":[],"product_cat":[102,103,101],"product_tag":[114,115,117],"class_list":{"0":"post-921","1":"product","2":"type-product","3":"status-publish","4":"has-post-thumbnail","6":"product_cat-caminho-de-santiago","7":"product_cat-caminho-portugues-de-santiago-do-interior","8":"product_cat-transporte-etapa-a-etapa-de-bagagens","9":"product_tag-bagagens-direto","10":"product_tag-bagagens-etapa-a-etapa","11":"product_tag-caminhos-de-santiago","12":"wcpa_has_options","14":"first","15":"instock","16":"sold-individually","17":"shipping-taxable","18":"purchasable","19":"product-type-variable"},"aioseo_notices":[],"wcpa_form_fields":{"wcpaData":{"product":{"product_price":600,"price_html":"<span class=\"woocommerce-Price-amount amount\" aria-hidden=\"true\"><bdi><span class=\"woocommerce-Price-currencySymbol\">&euro;<\/span>600,00<\/bdi><\/span> <span aria-hidden=\"true\">\u00a0\u2013\u00a0<\/span> <span class=\"woocommerce-Price-amount amount\" aria-hidden=\"true\"><bdi><span class=\"woocommerce-Price-currencySymbol\">&euro;<\/span>700,00<\/bdi><\/span><span class=\"screen-reader-text\">Plage de prix\u00a0: &euro;600,00 \u00e0 &euro;700,00<\/span>","original_product_price":600,"price_including_tax":600,"price_excluding_tax":600,"product_id":{"parent":921,"variation":false},"is_variable":true,"stock_status":"instock","stock_quantity":null,"parent_sku":"#CSIB","product_attributes":{"quantidade-de-bagagens":{"is_variation":true,"values":[]},"numero-de-etapas":{"is_variation":true,"values":[]}},"custom_fields":[],"is_taxable":false},"fields":{"sec_8658593b624742":{"extra":{"key":"sec_8658593b624742","section_id":"sec_8658593b624742","name":"Default","status":1,"cl_rule":"show","enableCl":false,"relations":[],"toggle":true,"title_tag":"h3","show_title":false,"showPrice":"default","form_id":7574,"form_rules":{"exclude_from_discount":false,"fee_label":"Fee","disp_hide_options_price":false,"disp_show_section_price":false,"disp_show_field_price":true,"layout_option":"standard","pric_use_as_fee":false,"process_fee_as":"woo_fee"},"layout_option":"standard"},"fields":[[{"active":true,"col":3,"relations":false,"cl_rule":"show","enableCl":false,"price":"","enablePrice":false,"className":"","label_position":"default","desc_position":"default","type":"date","required":true,"elementId":"date_2529263901","name":"date_2529263901","label":"Data do tour","picker_type":"custom","picker_mode":"single","error":false,"description":"Selecione a data de in\u00edcio para os nossos servi\u00e7os","date_pic_inline":false,"min_date":{"type":"days","val":"15"},"date_pic_conf":{"disabledDates":["2026-05-01 to 2026-05-31","2026-11-16 to 2027-01-15"]},"gt_translate_keys":["label","description"],"price_dependency":false,"cl_dependency":false,"value":""}]]},"sec_465948378bc839":{"extra":{"key":"sec_465948378bc839","section_id":"sec_465948378bc839","name":"Default","status":1,"cl_rule":"show","enableCl":false,"relations":[],"toggle":true,"title_tag":"h3","show_title":false,"showPrice":"default","form_id":1561,"form_rules":{"exclude_from_discount":false,"fee_label":"Fee","disp_hide_options_price":false,"disp_show_section_price":false,"disp_show_field_price":true,"layout_option":"standard","pric_use_as_fee":false,"process_fee_as":"woo_fee"},"layout_option":"standard"},"fields":[[{"type":"select","required":true,"elementId":"wcpa-select-1620913857927","label":"O dia acima selecionado \u00e9 efetivo?","className":"form-control","name":"select-1620913857927","values":[{"label":"Sim","value":"Sim","gt_translate_keys":["label"]},{"label":"N\u00e3o - \u00c9 apenas de refer\u00eancia, ainda n\u00e3o sei o dia exato","value":"N\u00e3o - \u00c9 apenas de refer\u00eancia, ainda n\u00e3o sei o dia exato","gt_translate_keys":["label"]}],"active":true,"col":4,"tooltip":"","dropdown_type":"basic","error":false,"gt_translate_keys":["label","tooltip"],"price_dependency":false,"cl_dependency":false,"value":""}]]},"sec_8658eaa427ce70":{"extra":{"key":"sec_8658eaa427ce70","section_id":"sec_8658eaa427ce70","name":"Default","status":1,"cl_rule":"show","enableCl":false,"relations":[],"toggle":true,"title_tag":"h3","show_title":false,"showPrice":"default","form_id":7997,"form_rules":{"exclude_from_discount":false,"fee_label":"Fee","disp_hide_options_price":false,"disp_show_section_price":false,"disp_show_field_price":true,"layout_option":"standard","pric_use_as_fee":false,"process_fee_as":"woo_fee"},"layout_option":"standard"},"fields":[[{"active":true,"col":6,"relations":false,"cl_rule":"show","enableCl":false,"price":"","enablePrice":false,"className":"","label_position":"default","desc_position":"default","type":"file","required":false,"elementId":"file_8485460541","name":"file_8485460541","label":"Carregamento de documentos e\/ou imagens","upload_type":"ajax","uploadSize":"5","file_types":["images","docs","design"],"error":false,"description":"Se j\u00e1 tiver a sua listagem de datas e hot\u00e9is\/alojamentos, por favor carregue aqui a informa\u00e7\u00e3o","multiple_upload":true,"allowedFileTypes":"image\/*,.doc,.docx,.xml,.dot,.docm,.dotm,.dotx,.htm,.html,.odt,.pdf,.rtf,.txt,.wps,.xps,application\/msword,application\/vnd,.psd,.eps,.ai,.indd,.raw","gt_translate_keys":["label","description"],"price_dependency":false,"cl_dependency":false,"value":""}]]}},"config":{"price_override":"","enable_recaptcha":true,"bind_quantity":false,"quantity_bind_formula":"","disp_summ_show_option_price":false,"disp_summ_show_product_price":false,"disp_summ_show_total_price":true,"disp_summ_show_fee":false,"disp_summ_show_discount":false,"summary_title":"","options_total_label":"Pre\u00e7o de servi\u00e7os adicionais","total_label":"Total","options_product_label":"Pre\u00e7o do servi\u00e7o","fee_label":"Fee","discount_label":"Discount","has_price":true,"has_quantity_formula":false},"mc_unit":1,"tax_rate":1,"tax_rate_real":1,"discount":{"percentage":0,"fixed":0},"design":{"conf":{"LabelPosition":"above","DescPosition":"above","UploadField":"custom_1","QuantityFieldStyle":"custom_1"},"css":{"LeftLabelWidth":"120px"}},"formulas":[],"clones":false,"cartKey":false}},"_links":{"self":[{"href":"https:\/\/luggagedriver.com\/fr\/wp-json\/wp\/v2\/product\/921","targetHints":{"allow":["GET"]}}],"collection":[{"href":"https:\/\/luggagedriver.com\/fr\/wp-json\/wp\/v2\/product"}],"about":[{"href":"https:\/\/luggagedriver.com\/fr\/wp-json\/wp\/v2\/types\/product"}],"replies":[{"embeddable":true,"href":"https:\/\/luggagedriver.com\/fr\/wp-json\/wp\/v2\/comments?post=921"}],"wp:featuredmedia":[{"embeddable":true,"href":"https:\/\/luggagedriver.com\/fr\/wp-json\/wp\/v2\/media\/6057"}],"wp:attachment":[{"href":"https:\/\/luggagedriver.com\/fr\/wp-json\/wp\/v2\/media?parent=921"}],"wp:term":[{"taxonomy":"product_brand","embeddable":true,"href":"https:\/\/luggagedriver.com\/fr\/wp-json\/wp\/v2\/product_brand?post=921"},{"taxonomy":"product_cat","embeddable":true,"href":"https:\/\/luggagedriver.com\/fr\/wp-json\/wp\/v2\/product_cat?post=921"},{"taxonomy":"product_tag","embeddable":true,"href":"https:\/\/luggagedriver.com\/fr\/wp-json\/wp\/v2\/product_tag?post=921"}],"curies":[{"name":"wp","href":"https:\/\/api.w.org\/{rel}","templated":true}]}}